{"id":6714,"date":"2022-03-15T22:10:51","date_gmt":"2022-03-15T22:10:51","guid":{"rendered":"https:\/\/aictive.co\/?page_id=6714"},"modified":"2022-03-28T20:54:13","modified_gmt":"2022-03-28T20:54:13","slug":"agenda-consulta","status":"publish","type":"page","link":"https:\/\/aictive.co\/en\/agenda-consulta\/","title":{"rendered":"Agenda Consulta"},"content":{"rendered":"<div data-elementor-type=\"wp-page\" data-elementor-id=\"6714\" class=\"elementor elementor-6714\">\n\t\t\t\t\t\t<section class=\"elementor-section elementor-top-section elementor-element elementor-element-be98ea7 elementor-section-boxed elementor-section-height-default elementor-section-height-default\" data-id=\"be98ea7\" data-element_type=\"section\" data-e-type=\"section\">\n\t\t\t\t\t\t<div class=\"elementor-container elementor-column-gap-default\">\n\t\t\t\t\t<div class=\"elementor-column elementor-col-100 elementor-top-column elementor-element elementor-element-a1fc61b\" data-id=\"a1fc61b\" data-element_type=\"column\" data-e-type=\"column\">\n\t\t\t<div class=\"elementor-widget-wrap elementor-element-populated\">\n\t\t\t\t\t\t<div class=\"elementor-element elementor-element-dc14138 elementor-alert-warning elementor-widget elementor-widget-alert\" data-id=\"dc14138\" data-element_type=\"widget\" data-e-type=\"widget\" data-widget_type=\"alert.default\">\n\t\t\t\t<div class=\"elementor-widget-container\">\n\t\t\t\t\t\t\t<div class=\"elementor-alert\" role=\"alert\">\n\n\t\t\t\t\t\t<span class=\"elementor-alert-title\">\u00a1IMPORTANTE!<\/span>\n\t\t\t\n\t\t\t\t\t\t<span class=\"elementor-alert-description\">Esta asesor\u00eda tiene como objetivo solucionar dudas respecto a los resultados obtenidos en la evaluaci\u00f3n.\n\nEn el caso de dolor, esta asesor\u00eda no contempla la entrega de un diagn\u00f3stico cl\u00ednico, s\u00ed una gu\u00eda de c\u00f3mo proceder frente a una lesi\u00f3n o dolor.\n\nDuraci\u00f3n: 15 minutos.\n\nLuego de que agendes tu hora con uno de nuestros especialistas, te enviaremos un correo con nuestro bot\u00f3n de pago, que debe ser cancelado antes de la consulta. Si necesitas asistencia durante este proceso, la puedes obtener desde nuestro chat o escribi\u00e9ndonos un correo a contacto@aictive.co. \u00a1Nos vemos!<\/span>\n\t\t\t\n\t\t\t\t\t\t<button type=\"button\" class=\"elementor-alert-dismiss\" aria-label=\"Dismiss this alert.\" data-no-translation-aria-label=\"\">\n\t\t\t\t\t\t\t\t\t<span aria-hidden=\"true\">&times;<\/span>\n\t\t\t\t\t\t\t<\/button>\n\t\t\t\n\t\t<\/div>\n\t\t\t\t\t\t<\/div>\n\t\t\t\t<\/div>\n\t\t\t\t\t<\/div>\n\t\t<\/div>\n\t\t\t\t\t<\/div>\n\t\t<\/section>\n\t\t\t\t<section class=\"elementor-section elementor-top-section elementor-element elementor-element-e5186f5 elementor-section-full_width elementor-section-height-default elementor-section-height-default\" data-id=\"e5186f5\" data-element_type=\"section\" data-e-type=\"section\">\n\t\t\t\t\t\t<div class=\"elementor-container elementor-column-gap-default\">\n\t\t\t\t\t<div class=\"elementor-column elementor-col-100 elementor-top-column elementor-element elementor-element-6c7e3bc\" data-id=\"6c7e3bc\" data-element_type=\"column\" data-e-type=\"column\">\n\t\t\t<div class=\"elementor-widget-wrap elementor-element-populated\">\n\t\t\t\t\t\t<div class=\"elementor-element elementor-element-12629b3 elementor-widget elementor-widget-html\" data-id=\"12629b3\" data-element_type=\"widget\" data-e-type=\"widget\" data-widget_type=\"html.default\">\n\t\t\t\t<div class=\"elementor-widget-container\">\n\t\t\t\t\t<!-- Start of Meetings Embed Script --><div class=\"meetings-iframe-container\" data-src=\"https:\/\/meetings-eu1.hubspot.com\/nicolas-vinales?embed=true\"><\/div><script type=\"text\/javascript\" src=\"https:\/\/static.hsappstatic.net\/MeetingsEmbed\/ex\/MeetingsEmbedCode.js\"><\/script><!-- End of Meetings Embed Script \u2014>\t\t\t\t<\/div>\n\t\t\t\t<\/div>\n\t\t\t\t\t<\/div>\n\t\t<\/div>\n\t\t\t\t\t<\/div>\n\t\t<\/section>\n\t\t\t\t<\/div>","protected":false},"excerpt":{"rendered":"<p>\u00a1IMPORTANTE! Esta asesor\u00eda tiene como objetivo solucionar dudas respecto a los resultados obtenidos en la evaluaci\u00f3n. En el caso de [&hellip;]<\/p>","protected":false},"author":6,"featured_media":0,"parent":0,"menu_order":0,"comment_status":"closed","ping_status":"closed","template":"elementor_header_footer","meta":{"site-sidebar-layout":"default","site-content-layout":"","ast-site-content-layout":"","site-content-style":"default","site-sidebar-style":"default","ast-global-header-display":"","ast-banner-title-visibility":"","ast-main-header-display":"","ast-hfb-above-header-display":"","ast-hfb-below-header-display":"","ast-hfb-mobile-header-display":"","site-post-title":"","ast-breadcrumbs-content":"","ast-featured-img":"","footer-sml-layout":"","theme-transparent-header-meta":"","adv-header-id-meta":"","stick-header-meta":"","header-above-stick-meta":"","header-main-stick-meta":"","header-below-stick-meta":"","astra-migrate-meta-layouts":"default","ast-page-background-enabled":"default","ast-page-background-meta":{"desktop":{"background-color":"var(--ast-global-color-5)","background-image":"","background-repeat":"repeat","background-position":"center center","background-size":"auto","background-attachment":"scroll","background-type":"","background-media":"","overlay-type":"","overlay-color":"","overlay-opacity":"","overlay-gradient":""},"tablet":{"background-color":"","background-image":"","background-repeat":"repeat","background-position":"center center","background-size":"auto","background-attachment":"scroll","background-type":"","background-media":"","overlay-type":"","overlay-color":"","overlay-opacity":"","overlay-gradient":""},"mobile":{"background-color":"","background-image":"","background-repeat":"repeat","background-position":"center center","background-size":"auto","background-attachment":"scroll","background-type":"","background-media":"","overlay-type":"","overlay-color":"","overlay-opacity":"","overlay-gradient":""}},"ast-content-background-meta":{"desktop":{"background-color":"var(--ast-global-color-4)","background-image":"","background-repeat":"repeat","background-position":"center center","background-size":"auto","background-attachment":"scroll","background-type":"","background-media":"","overlay-type":"","overlay-color":"","overlay-opacity":"","overlay-gradient":""},"tablet":{"background-color":"var(--ast-global-color-4)","background-image":"","background-repeat":"repeat","background-position":"center center","background-size":"auto","background-attachment":"scroll","background-type":"","background-media":"","overlay-type":"","overlay-color":"","overlay-opacity":"","overlay-gradient":""},"mobile":{"background-color":"var(--ast-global-color-4)","background-image":"","background-repeat":"repeat","background-position":"center center","background-size":"auto","background-attachment":"scroll","background-type":"","background-media":"","overlay-type":"","overlay-color":"","overlay-opacity":"","overlay-gradient":""}},"footnotes":""},"class_list":["post-6714","page","type-page","status-publish","hentry"],"yoast_head":"<!-- This site is optimized with the Yoast SEO plugin v25.6 - https:\/\/yoast.com\/wordpress\/plugins\/seo\/ -->\n<title>Agenda Consulta -<\/title>\n<meta name=\"robots\" content=\"index, follow, max-snippet:-1, max-image-preview:large, max-video-preview:-1\" \/>\n<link rel=\"canonical\" href=\"https:\/\/35.171.156.2\/agenda-consulta\/\" \/>\n<meta property=\"og:locale\" content=\"en_US\" \/>\n<meta property=\"og:type\" content=\"article\" \/>\n<meta property=\"og:title\" content=\"Agenda Consulta -\" \/>\n<meta property=\"og:description\" content=\"\u00a1IMPORTANTE! Esta asesor\u00eda tiene como objetivo solucionar dudas respecto a los resultados obtenidos en la evaluaci\u00f3n. En el caso de [&hellip;]\" \/>\n<meta property=\"og:url\" content=\"https:\/\/35.171.156.2\/agenda-consulta\/\" \/>\n<meta property=\"article:modified_time\" content=\"2022-03-28T20:54:13+00:00\" \/>\n<meta name=\"twitter:card\" content=\"summary_large_image\" \/>\n<meta name=\"twitter:label1\" content=\"Est. reading time\" \/>\n\t<meta name=\"twitter:data1\" content=\"1 minute\" \/>\n<script type=\"application\/ld+json\" class=\"yoast-schema-graph\">{\"@context\":\"https:\/\/schema.org\",\"@graph\":[{\"@type\":\"WebPage\",\"@id\":\"https:\/\/35.171.156.2\/agenda-consulta\/\",\"url\":\"https:\/\/35.171.156.2\/agenda-consulta\/\",\"name\":\"Agenda Consulta -\",\"isPartOf\":{\"@id\":\"https:\/\/aictive.co\/#website\"},\"datePublished\":\"2022-03-15T22:10:51+00:00\",\"dateModified\":\"2022-03-28T20:54:13+00:00\",\"breadcrumb\":{\"@id\":\"https:\/\/35.171.156.2\/agenda-consulta\/#breadcrumb\"},\"inLanguage\":\"en-US\",\"potentialAction\":[{\"@type\":\"ReadAction\",\"target\":[\"https:\/\/35.171.156.2\/agenda-consulta\/\"]}]},{\"@type\":\"BreadcrumbList\",\"@id\":\"https:\/\/35.171.156.2\/agenda-consulta\/#breadcrumb\",\"itemListElement\":[{\"@type\":\"ListItem\",\"position\":1,\"name\":\"Home\",\"item\":\"https:\/\/aictive.co\/\"},{\"@type\":\"ListItem\",\"position\":2,\"name\":\"Agenda Consulta\"}]},{\"@type\":\"WebSite\",\"@id\":\"https:\/\/aictive.co\/#website\",\"url\":\"https:\/\/aictive.co\/\",\"name\":\"Aictive\",\"description\":\"Transforming MSK care with AI\u200b\",\"publisher\":{\"@id\":\"https:\/\/aictive.co\/#organization\"},\"potentialAction\":[{\"@type\":\"SearchAction\",\"target\":{\"@type\":\"EntryPoint\",\"urlTemplate\":\"https:\/\/aictive.co\/?s={search_term_string}\"},\"query-input\":{\"@type\":\"PropertyValueSpecification\",\"valueRequired\":true,\"valueName\":\"search_term_string\"}}],\"inLanguage\":\"en-US\"},{\"@type\":\"Organization\",\"@id\":\"https:\/\/aictive.co\/#organization\",\"name\":\"Aictive\",\"url\":\"https:\/\/aictive.co\/\",\"logo\":{\"@type\":\"ImageObject\",\"inLanguage\":\"en-US\",\"@id\":\"https:\/\/aictive.co\/#\/schema\/logo\/image\/\",\"url\":\"https:\/\/aictive.co\/wp-content\/uploads\/2025\/02\/cropped-cropped-Logo-AICTIVE_Color-Vertical.png\",\"contentUrl\":\"https:\/\/aictive.co\/wp-content\/uploads\/2025\/02\/cropped-cropped-Logo-AICTIVE_Color-Vertical.png\",\"width\":512,\"height\":512,\"caption\":\"Aictive\"},\"image\":{\"@id\":\"https:\/\/aictive.co\/#\/schema\/logo\/image\/\"}}]}<\/script>\n<!-- \/ Yoast SEO plugin. -->","yoast_head_json":{"title":"Agenda Consulta -","robots":{"index":"index","follow":"follow","max-snippet":"max-snippet:-1","max-image-preview":"max-image-preview:large","max-video-preview":"max-video-preview:-1"},"canonical":"https:\/\/35.171.156.2\/agenda-consulta\/","og_locale":"en_US","og_type":"article","og_title":"Agenda Consulta -","og_description":"\u00a1IMPORTANTE! Esta asesor\u00eda tiene como objetivo solucionar dudas respecto a los resultados obtenidos en la evaluaci\u00f3n. En el caso de [&hellip;]","og_url":"https:\/\/35.171.156.2\/agenda-consulta\/","article_modified_time":"2022-03-28T20:54:13+00:00","twitter_card":"summary_large_image","twitter_misc":{"Est. reading time":"1 minute"},"schema":{"@context":"https:\/\/schema.org","@graph":[{"@type":"WebPage","@id":"https:\/\/35.171.156.2\/agenda-consulta\/","url":"https:\/\/35.171.156.2\/agenda-consulta\/","name":"Agenda Consulta -","isPartOf":{"@id":"https:\/\/aictive.co\/#website"},"datePublished":"2022-03-15T22:10:51+00:00","dateModified":"2022-03-28T20:54:13+00:00","breadcrumb":{"@id":"https:\/\/35.171.156.2\/agenda-consulta\/#breadcrumb"},"inLanguage":"en-US","potentialAction":[{"@type":"ReadAction","target":["https:\/\/35.171.156.2\/agenda-consulta\/"]}]},{"@type":"BreadcrumbList","@id":"https:\/\/35.171.156.2\/agenda-consulta\/#breadcrumb","itemListElement":[{"@type":"ListItem","position":1,"name":"Home","item":"https:\/\/aictive.co\/"},{"@type":"ListItem","position":2,"name":"Agenda Consulta"}]},{"@type":"WebSite","@id":"https:\/\/aictive.co\/#website","url":"https:\/\/aictive.co\/","name":"Aictive","description":"Transforming MSK care with AI\u200b","publisher":{"@id":"https:\/\/aictive.co\/#organization"},"potentialAction":[{"@type":"SearchAction","target":{"@type":"EntryPoint","urlTemplate":"https:\/\/aictive.co\/?s={search_term_string}"},"query-input":{"@type":"PropertyValueSpecification","valueRequired":true,"valueName":"search_term_string"}}],"inLanguage":"en-US"},{"@type":"Organization","@id":"https:\/\/aictive.co\/#organization","name":"Aictive","url":"https:\/\/aictive.co\/","logo":{"@type":"ImageObject","inLanguage":"en-US","@id":"https:\/\/aictive.co\/#\/schema\/logo\/image\/","url":"https:\/\/aictive.co\/wp-content\/uploads\/2025\/02\/cropped-cropped-Logo-AICTIVE_Color-Vertical.png","contentUrl":"https:\/\/aictive.co\/wp-content\/uploads\/2025\/02\/cropped-cropped-Logo-AICTIVE_Color-Vertical.png","width":512,"height":512,"caption":"Aictive"},"image":{"@id":"https:\/\/aictive.co\/#\/schema\/logo\/image\/"}}]}},"_links":{"self":[{"href":"https:\/\/aictive.co\/en\/wp-json\/wp\/v2\/pages\/6714"}],"collection":[{"href":"https:\/\/aictive.co\/en\/wp-json\/wp\/v2\/pages"}],"about":[{"href":"https:\/\/aictive.co\/en\/wp-json\/wp\/v2\/types\/page"}],"author":[{"embeddable":true,"href":"https:\/\/aictive.co\/en\/wp-json\/wp\/v2\/users\/6"}],"replies":[{"embeddable":true,"href":"https:\/\/aictive.co\/en\/wp-json\/wp\/v2\/comments?post=6714"}],"version-history":[{"count":45,"href":"https:\/\/aictive.co\/en\/wp-json\/wp\/v2\/pages\/6714\/revisions"}],"predecessor-version":[{"id":7358,"href":"https:\/\/aictive.co\/en\/wp-json\/wp\/v2\/pages\/6714\/revisions\/7358"}],"wp:attachment":[{"href":"https:\/\/aictive.co\/en\/wp-json\/wp\/v2\/media?parent=6714"}],"curies":[{"name":"wp","href":"https:\/\/api.w.org\/{rel}","templated":true}]}}