{"id":5084,"date":"2021-05-05T13:28:50","date_gmt":"2021-05-05T13:28:50","guid":{"rendered":"http:\/\/75.101.213.189\/?page_id=5084"},"modified":"2021-10-19T14:30:29","modified_gmt":"2021-10-19T14:30:29","slug":"work-break","status":"publish","type":"page","link":"https:\/\/aictive.co\/en\/work-break\/","title":{"rendered":"Work Break"},"content":{"rendered":"<div data-elementor-type=\"wp-page\" data-elementor-id=\"5084\" class=\"elementor elementor-5084\">\n\t\t\t\t\t\t<section class=\"elementor-section elementor-top-section elementor-element elementor-element-379db3b elementor-section-boxed elementor-section-height-default elementor-section-height-default\" data-id=\"379db3b\" data-element_type=\"section\" data-e-type=\"section\" data-settings=\"{&quot;background_background&quot;:&quot;classic&quot;}\">\n\t\t\t\t\t\t<div class=\"elementor-container elementor-column-gap-default\">\n\t\t\t\t\t<div class=\"elementor-column elementor-col-100 elementor-top-column elementor-element elementor-element-0330214\" data-id=\"0330214\" data-element_type=\"column\" data-e-type=\"column\">\n\t\t\t<div class=\"elementor-widget-wrap elementor-element-populated\">\n\t\t\t\t\t\t<div class=\"elementor-element elementor-element-dc60828 elementor-widget elementor-widget-heading\" data-id=\"dc60828\" data-element_type=\"widget\" data-e-type=\"widget\" data-widget_type=\"heading.default\">\n\t\t\t\t<div class=\"elementor-widget-container\">\n\t\t\t\t\t<h1 class=\"elementor-heading-title elementor-size-default\">Work Break<\/h1>\t\t\t\t<\/div>\n\t\t\t\t<\/div>\n\t\t\t\t\t<\/div>\n\t\t<\/div>\n\t\t\t\t\t<\/div>\n\t\t<\/section>\n\t\t\t\t<section class=\"elementor-section elementor-top-section elementor-element elementor-element-f7ffdaf elementor-section-boxed elementor-section-height-default elementor-section-height-default\" data-id=\"f7ffdaf\" data-element_type=\"section\" data-e-type=\"section\" data-settings=\"{&quot;background_background&quot;:&quot;classic&quot;}\">\n\t\t\t\t\t\t<div class=\"elementor-container elementor-column-gap-extended\">\n\t\t\t\t\t<div class=\"elementor-column elementor-col-50 elementor-top-column elementor-element elementor-element-28a66d7 elementor-hidden-tablet elementor-hidden-phone\" data-id=\"28a66d7\" data-element_type=\"column\" data-e-type=\"column\">\n\t\t\t<div class=\"elementor-widget-wrap elementor-element-populated\">\n\t\t\t\t\t\t<div class=\"elementor-element elementor-element-13dc5b4 elementor-widget elementor-widget-image\" data-id=\"13dc5b4\" data-element_type=\"widget\" data-e-type=\"widget\" data-widget_type=\"image.default\">\n\t\t\t\t<div class=\"elementor-widget-container\">\n\t\t\t\t\t\t\t\t\t\t\t\t\t\t\t<img fetchpriority=\"high\" decoding=\"async\" width=\"1704\" height=\"1017\" src=\"https:\/\/blog.aictive.co\/wp-content\/uploads\/2021\/05\/WBHero.png\" class=\"attachment-full size-full wp-image-5552\" alt=\"\" srcset=\"https:\/\/blog.aictive.co\/wp-content\/uploads\/2021\/05\/WBHero.png 1704w, https:\/\/blog.aictive.co\/wp-content\/uploads\/2021\/05\/WBHero-150x90.png 150w, https:\/\/blog.aictive.co\/wp-content\/uploads\/2021\/05\/WBHero-300x179.png 300w, https:\/\/blog.aictive.co\/wp-content\/uploads\/2021\/05\/WBHero-1024x611.png 1024w, https:\/\/blog.aictive.co\/wp-content\/uploads\/2021\/05\/WBHero-768x458.png 768w, https:\/\/blog.aictive.co\/wp-content\/uploads\/2021\/05\/WBHero-1536x917.png 1536w, https:\/\/blog.aictive.co\/wp-content\/uploads\/2021\/05\/WBHero-720x430.png 720w\" sizes=\"(max-width: 1704px) 100vw, 1704px\" \/>\t\t\t\t\t\t\t\t\t\t\t\t\t\t\t<\/div>\n\t\t\t\t<\/div>\n\t\t\t\t\t<\/div>\n\t\t<\/div>\n\t\t\t\t<div class=\"elementor-column elementor-col-50 elementor-top-column elementor-element elementor-element-6665190\" data-id=\"6665190\" data-element_type=\"column\" data-e-type=\"column\">\n\t\t\t<div class=\"elementor-widget-wrap elementor-element-populated\">\n\t\t\t\t\t\t<div class=\"elementor-element elementor-element-ae59a69 elementor-widget elementor-widget-text-editor\" data-id=\"ae59a69\" data-element_type=\"widget\" data-e-type=\"widget\" data-widget_type=\"text-editor.default\">\n\t\t\t\t<div class=\"elementor-widget-container\">\n\t\t\t\t\t\t\t\t\t<p>Es una pausa activa en la jornada laboral, que tiene como objetivo lograr una desconexi\u00f3n de la rutina de trabajo. Se realiza a trav\u00e9s de una plataforma que tiene rutinas aleatorias que incluye ejercicios de movilidad, activaci\u00f3n y estiramiento que duran alrededor de 15 minutos.<\/p>\t\t\t\t\t\t\t\t<\/div>\n\t\t\t\t<\/div>\n\t\t\t\t<div class=\"elementor-element elementor-element-a5997e1 elementor-widget elementor-widget-text-editor\" data-id=\"a5997e1\" data-element_type=\"widget\" data-e-type=\"widget\" data-widget_type=\"text-editor.default\">\n\t\t\t\t<div class=\"elementor-widget-container\">\n\t\t\t\t\t\t\t\t\t<p>El colaborador debe disponer de un computador con c\u00e1mara y conexi\u00f3n a internet para ingresar a la plataforma y dar inicio a la rutina realizando los ejercicios que se muestran en pantalla. Gracias a su algoritmo de Inteligencia Artificial, podemos analizar en tiempo real el movimiento que ejecuta el colaborador y entregar un feedback de su desempe\u00f1o. Las rutinas pueden realizarse de forma remota y as\u00edncrona, y se encuentran disponibles de lunes a viernes en una jornada AM y PM.<\/p>\t\t\t\t\t\t\t\t<\/div>\n\t\t\t\t<\/div>\n\t\t\t\t\t<\/div>\n\t\t<\/div>\n\t\t\t\t\t<\/div>\n\t\t<\/section>\n\t\t\t\t<section class=\"elementor-section elementor-top-section elementor-element elementor-element-e404212 elementor-section-boxed elementor-section-height-default elementor-section-height-default\" data-id=\"e404212\" data-element_type=\"section\" data-e-type=\"section\">\n\t\t\t\t\t\t<div class=\"elementor-container elementor-column-gap-default\">\n\t\t\t\t\t<div class=\"elementor-column elementor-col-100 elementor-top-column elementor-element elementor-element-2d70775\" data-id=\"2d70775\" data-element_type=\"column\" data-e-type=\"column\">\n\t\t\t<div class=\"elementor-widget-wrap\">\n\t\t\t\t\t\t\t<\/div>\n\t\t<\/div>\n\t\t\t\t\t<\/div>\n\t\t<\/section>\n\t\t\t\t<section class=\"elementor-section elementor-top-section elementor-element elementor-element-9c18aa0 elementor-section-boxed elementor-section-height-default elementor-section-height-default\" data-id=\"9c18aa0\" data-element_type=\"section\" data-e-type=\"section\">\n\t\t\t\t\t\t<div class=\"elementor-container elementor-column-gap-default\">\n\t\t\t\t\t<div class=\"elementor-column elementor-col-33 elementor-top-column elementor-element elementor-element-432d0e4\" data-id=\"432d0e4\" data-element_type=\"column\" data-e-type=\"column\">\n\t\t\t<div class=\"elementor-widget-wrap elementor-element-populated\">\n\t\t\t\t\t\t<div class=\"elementor-element elementor-element-e3f6018 elementor-widget elementor-widget-text-editor\" data-id=\"e3f6018\" data-element_type=\"widget\" data-e-type=\"widget\" data-widget_type=\"text-editor.default\">\n\t\t\t\t<div class=\"elementor-widget-container\">\n\t\t\t\t\t\t\t\t\t<p><strong>Mejora relaci\u00f3n Empresa &#8211; Colaborador<\/strong><\/p><p>A trav\u00e9s de nuestro sistema de puntuaci\u00f3n, donde se registran todas las actividades de los colaboradores, se puede generar un ambiente que facilita las relaciones interpersonales y favorece el sentido de grupo, lo que va en sinton\u00eda como el compromiso de la empresa con sus colaboradores y su salud f\u00edsica y mental. Esto a su vez permite mejorar\u00a0 la satisfacci\u00f3n, fidelizaci\u00f3n interna y el ambiente laboral.<\/p>\t\t\t\t\t\t\t\t<\/div>\n\t\t\t\t<\/div>\n\t\t\t\t\t<\/div>\n\t\t<\/div>\n\t\t\t\t<div class=\"elementor-column elementor-col-33 elementor-top-column elementor-element elementor-element-af27005\" data-id=\"af27005\" data-element_type=\"column\" data-e-type=\"column\">\n\t\t\t<div class=\"elementor-widget-wrap elementor-element-populated\">\n\t\t\t\t\t\t<div class=\"elementor-element elementor-element-1b6f764 elementor-widget elementor-widget-text-editor\" data-id=\"1b6f764\" data-element_type=\"widget\" data-e-type=\"widget\" data-widget_type=\"text-editor.default\">\n\t\t\t\t<div class=\"elementor-widget-container\">\n\t\t\t\t\t\t\t\t\t<p><strong> Reduce fatiga laboral<\/strong><\/p><p>Permite a los colaboradores disminuir el sedentarismo y generar movilidad y estiramiento de m\u00fasculos que permanecen inactivos durante las jornadas de trabajo, lo que permite recuperar energ\u00edas y reducir la fatiga laboral.<\/p>\t\t\t\t\t\t\t\t<\/div>\n\t\t\t\t<\/div>\n\t\t\t\t\t<\/div>\n\t\t<\/div>\n\t\t\t\t<div class=\"elementor-column elementor-col-33 elementor-top-column elementor-element elementor-element-cee7daa\" data-id=\"cee7daa\" data-element_type=\"column\" data-e-type=\"column\">\n\t\t\t<div class=\"elementor-widget-wrap elementor-element-populated\">\n\t\t\t\t\t\t<div class=\"elementor-element elementor-element-5eeab8e elementor-widget elementor-widget-text-editor\" data-id=\"5eeab8e\" data-element_type=\"widget\" data-e-type=\"widget\" data-widget_type=\"text-editor.default\">\n\t\t\t\t<div class=\"elementor-widget-container\">\n\t\t\t\t\t\t\t\t\t<p><strong>Aumenta Productividad<\/strong><\/p><p>Permite aumentar la productividad de los trabajadores al mejorar la capacidad de concentraci\u00f3n, previniendo y disminuyendo lesiones y enfermedades laborales.<\/p>\t\t\t\t\t\t\t\t<\/div>\n\t\t\t\t<\/div>\n\t\t\t\t\t<\/div>\n\t\t<\/div>\n\t\t\t\t\t<\/div>\n\t\t<\/section>\n\t\t\t\t<section class=\"elementor-section elementor-top-section elementor-element elementor-element-f4944d0 elementor-section-full_width elementor-section-height-default elementor-section-height-default\" data-id=\"f4944d0\" data-element_type=\"section\" data-e-type=\"section\" data-settings=\"{&quot;background_background&quot;:&quot;classic&quot;}\">\n\t\t\t\t\t\t<div class=\"elementor-container elementor-column-gap-default\">\n\t\t\t\t\t<div class=\"elementor-column elementor-col-100 elementor-top-column elementor-element elementor-element-62b776e\" data-id=\"62b776e\" data-element_type=\"column\" data-e-type=\"column\">\n\t\t\t<div class=\"elementor-widget-wrap elementor-element-populated\">\n\t\t\t\t\t\t<section class=\"elementor-section elementor-inner-section elementor-element elementor-element-588eb19 elementor-section-content-middle elementor-section-boxed elementor-section-height-default elementor-section-height-default\" data-id=\"588eb19\" data-element_type=\"section\" data-e-type=\"section\">\n\t\t\t\t\t\t<div class=\"elementor-container elementor-column-gap-extended\">\n\t\t\t\t\t<div class=\"elementor-column elementor-col-100 elementor-inner-column elementor-element elementor-element-3c11d20\" data-id=\"3c11d20\" data-element_type=\"column\" data-e-type=\"column\">\n\t\t\t<div class=\"elementor-widget-wrap\">\n\t\t\t\t\t\t\t<\/div>\n\t\t<\/div>\n\t\t\t\t\t<\/div>\n\t\t<\/section>\n\t\t\t\t\t<\/div>\n\t\t<\/div>\n\t\t\t\t\t<\/div>\n\t\t<\/section>\n\t\t\t\t<section class=\"elementor-section elementor-top-section elementor-element elementor-element-a79d700 elementor-section-boxed elementor-section-height-default elementor-section-height-default\" data-id=\"a79d700\" data-element_type=\"section\" data-e-type=\"section\">\n\t\t\t\t\t\t<div class=\"elementor-container elementor-column-gap-default\">\n\t\t\t\t\t<div class=\"elementor-column elementor-col-100 elementor-top-column elementor-element elementor-element-af5692d\" data-id=\"af5692d\" data-element_type=\"column\" data-e-type=\"column\">\n\t\t\t<div class=\"elementor-widget-wrap elementor-element-populated\">\n\t\t\t\t\t\t<div class=\"elementor-element elementor-element-020355b elementor-widget elementor-widget-video\" data-id=\"020355b\" data-element_type=\"widget\" data-e-type=\"widget\" data-settings=\"{&quot;youtube_url&quot;:&quot;https:\\\/\\\/www.youtube.com\\\/watch?v=MMbv2IGNPSk&quot;,&quot;loop&quot;:&quot;yes&quot;,&quot;video_type&quot;:&quot;youtube&quot;}\" data-widget_type=\"video.default\">\n\t\t\t\t<div class=\"elementor-widget-container\">\n\t\t\t\t\t\t\t<div class=\"elementor-wrapper elementor-open-inline\">\n\t\t\t<div class=\"elementor-video\"><\/div>\t\t<\/div>\n\t\t\t\t\t\t<\/div>\n\t\t\t\t<\/div>\n\t\t\t\t\t<\/div>\n\t\t<\/div>\n\t\t\t\t\t<\/div>\n\t\t<\/section>\n\t\t\t\t<section class=\"elementor-section elementor-top-section elementor-element elementor-element-9820400 elementor-section-boxed elementor-section-height-default elementor-section-height-default\" data-id=\"9820400\" data-element_type=\"section\" data-e-type=\"section\">\n\t\t\t\t\t\t<div class=\"elementor-container elementor-column-gap-default\">\n\t\t\t\t\t<div class=\"elementor-column elementor-col-100 elementor-top-column elementor-element elementor-element-939bb86\" data-id=\"939bb86\" data-element_type=\"column\" data-e-type=\"column\">\n\t\t\t<div class=\"elementor-widget-wrap\">\n\t\t\t\t\t\t\t<\/div>\n\t\t<\/div>\n\t\t\t\t\t<\/div>\n\t\t<\/section>\n\t\t\t\t<section class=\"elementor-section elementor-top-section elementor-element elementor-element-90dd1f5 elementor-section-boxed elementor-section-height-default elementor-section-height-default\" data-id=\"90dd1f5\" data-element_type=\"section\" data-e-type=\"section\">\n\t\t\t\t\t\t<div class=\"elementor-container elementor-column-gap-default\">\n\t\t\t\t\t<div class=\"elementor-column elementor-col-100 elementor-top-column elementor-element elementor-element-967aa28\" data-id=\"967aa28\" data-element_type=\"column\" data-e-type=\"column\">\n\t\t\t<div class=\"elementor-widget-wrap\">\n\t\t\t\t\t\t\t<\/div>\n\t\t<\/div>\n\t\t\t\t\t<\/div>\n\t\t<\/section>\n\t\t\t\t<\/div>","protected":false},"excerpt":{"rendered":"<p>Work Break \/\/ producto \u00bfQu\u00e9 es Work Break? Es una pausa activa en la jornada laboral, que tiene como objetivo [&hellip;]<\/p>","protected":false},"author":6,"featured_media":0,"parent":0,"menu_order":0,"comment_status":"closed","ping_status":"closed","template":"","meta":{"site-sidebar-layout":"default","site-content-layout":"","ast-site-content-layout":"","site-content-style":"default","site-sidebar-style":"default","ast-global-header-display":"","ast-banner-title-visibility":"","ast-main-header-display":"","ast-hfb-above-header-display":"","ast-hfb-below-header-display":"","ast-hfb-mobile-header-display":"","site-post-title":"","ast-breadcrumbs-content":"","ast-featured-img":"","footer-sml-layout":"","theme-transparent-header-meta":"","adv-header-id-meta":"","stick-header-meta":"","header-above-stick-meta":"","header-main-stick-meta":"","header-below-stick-meta":"","astra-migrate-meta-layouts":"default","ast-page-background-enabled":"default","ast-page-background-meta":{"desktop":{"background-color":"var(--ast-global-color-5)","background-image":"","background-repeat":"repeat","background-position":"center center","background-size":"auto","background-attachment":"scroll","background-type":"","background-media":"","overlay-type":"","overlay-color":"","overlay-opacity":"","overlay-gradient":""},"tablet":{"background-color":"","background-image":"","background-repeat":"repeat","background-position":"center center","background-size":"auto","background-attachment":"scroll","background-type":"","background-media":"","overlay-type":"","overlay-color":"","overlay-opacity":"","overlay-gradient":""},"mobile":{"background-color":"","background-image":"","background-repeat":"repeat","background-position":"center center","background-size":"auto","background-attachment":"scroll","background-type":"","background-media":"","overlay-type":"","overlay-color":"","overlay-opacity":"","overlay-gradient":""}},"ast-content-background-meta":{"desktop":{"background-color":"var(--ast-global-color-4)","background-image":"","background-repeat":"repeat","background-position":"center center","background-size":"auto","background-attachment":"scroll","background-type":"","background-media":"","overlay-type":"","overlay-color":"","overlay-opacity":"","overlay-gradient":""},"tablet":{"background-color":"var(--ast-global-color-4)","background-image":"","background-repeat":"repeat","background-position":"center center","background-size":"auto","background-attachment":"scroll","background-type":"","background-media":"","overlay-type":"","overlay-color":"","overlay-opacity":"","overlay-gradient":""},"mobile":{"background-color":"var(--ast-global-color-4)","background-image":"","background-repeat":"repeat","background-position":"center center","background-size":"auto","background-attachment":"scroll","background-type":"","background-media":"","overlay-type":"","overlay-color":"","overlay-opacity":"","overlay-gradient":""}},"footnotes":""},"class_list":["post-5084","page","type-page","status-publish","hentry"],"yoast_head":"<!-- This site is optimized with the Yoast SEO plugin v25.6 - https:\/\/yoast.com\/wordpress\/plugins\/seo\/ -->\n<title>Work Break -<\/title>\n<meta name=\"robots\" content=\"index, follow, max-snippet:-1, max-image-preview:large, max-video-preview:-1\" \/>\n<link rel=\"canonical\" href=\"https:\/\/blog.aictive.co\/work-break\/\" \/>\n<meta property=\"og:locale\" content=\"en_US\" \/>\n<meta property=\"og:type\" content=\"article\" \/>\n<meta property=\"og:title\" content=\"Work Break -\" \/>\n<meta property=\"og:description\" content=\"Work Break \/\/ producto \u00bfQu\u00e9 es Work Break? Es una pausa activa en la jornada laboral, que tiene como objetivo [&hellip;]\" \/>\n<meta property=\"og:url\" content=\"https:\/\/blog.aictive.co\/work-break\/\" \/>\n<meta property=\"article:modified_time\" content=\"2021-10-19T14:30:29+00:00\" \/>\n<meta property=\"og:image\" content=\"https:\/\/aictive.co\/wp-content\/uploads\/2021\/05\/WBHero.png\" \/>\n<meta name=\"twitter:card\" content=\"summary_large_image\" \/>\n<meta name=\"twitter:label1\" content=\"Est. reading time\" \/>\n\t<meta name=\"twitter:data1\" content=\"6 minutes\" \/>\n<script type=\"application\/ld+json\" class=\"yoast-schema-graph\">{\"@context\":\"https:\/\/schema.org\",\"@graph\":[{\"@type\":\"WebPage\",\"@id\":\"https:\/\/blog.aictive.co\/work-break\/\",\"url\":\"https:\/\/blog.aictive.co\/work-break\/\",\"name\":\"Work Break -\",\"isPartOf\":{\"@id\":\"https:\/\/ec2-35-171-156-2.compute-1.amazonaws.com\/en\/#website\"},\"primaryImageOfPage\":{\"@id\":\"https:\/\/blog.aictive.co\/work-break\/#primaryimage\"},\"image\":{\"@id\":\"https:\/\/blog.aictive.co\/work-break\/#primaryimage\"},\"thumbnailUrl\":\"https:\/\/aictive.co\/wp-content\/uploads\/2021\/05\/WBHero.png\",\"datePublished\":\"2021-05-05T13:28:50+00:00\",\"dateModified\":\"2021-10-19T14:30:29+00:00\",\"breadcrumb\":{\"@id\":\"https:\/\/blog.aictive.co\/work-break\/#breadcrumb\"},\"inLanguage\":\"en-US\",\"potentialAction\":[{\"@type\":\"ReadAction\",\"target\":[\"https:\/\/blog.aictive.co\/work-break\/\"]}]},{\"@type\":\"ImageObject\",\"inLanguage\":\"en-US\",\"@id\":\"https:\/\/blog.aictive.co\/work-break\/#primaryimage\",\"url\":\"https:\/\/aictive.co\/wp-content\/uploads\/2021\/05\/WBHero.png\",\"contentUrl\":\"https:\/\/aictive.co\/wp-content\/uploads\/2021\/05\/WBHero.png\"},{\"@type\":\"BreadcrumbList\",\"@id\":\"https:\/\/blog.aictive.co\/work-break\/#breadcrumb\",\"itemListElement\":[{\"@type\":\"ListItem\",\"position\":1,\"name\":\"Home\",\"item\":\"https:\/\/ec2-35-171-156-2.compute-1.amazonaws.com\/en\/\"},{\"@type\":\"ListItem\",\"position\":2,\"name\":\"Work Break\"}]},{\"@type\":\"WebSite\",\"@id\":\"https:\/\/ec2-35-171-156-2.compute-1.amazonaws.com\/en\/#website\",\"url\":\"https:\/\/ec2-35-171-156-2.compute-1.amazonaws.com\/en\/\",\"name\":\"Aictive\",\"description\":\"Transforming MSK care with AI\u200b\",\"publisher\":{\"@id\":\"https:\/\/ec2-35-171-156-2.compute-1.amazonaws.com\/en\/#organization\"},\"potentialAction\":[{\"@type\":\"SearchAction\",\"target\":{\"@type\":\"EntryPoint\",\"urlTemplate\":\"https:\/\/ec2-35-171-156-2.compute-1.amazonaws.com\/en\/?s={search_term_string}\"},\"query-input\":{\"@type\":\"PropertyValueSpecification\",\"valueRequired\":true,\"valueName\":\"search_term_string\"}}],\"inLanguage\":\"en-US\"},{\"@type\":\"Organization\",\"@id\":\"https:\/\/ec2-35-171-156-2.compute-1.amazonaws.com\/en\/#organization\",\"name\":\"Aictive\",\"url\":\"https:\/\/ec2-35-171-156-2.compute-1.amazonaws.com\/en\/\",\"logo\":{\"@type\":\"ImageObject\",\"inLanguage\":\"en-US\",\"@id\":\"https:\/\/ec2-35-171-156-2.compute-1.amazonaws.com\/en\/#\/schema\/logo\/image\/\",\"url\":\"https:\/\/aictive.co\/wp-content\/uploads\/2025\/02\/cropped-cropped-Logo-AICTIVE_Color-Vertical.png\",\"contentUrl\":\"https:\/\/aictive.co\/wp-content\/uploads\/2025\/02\/cropped-cropped-Logo-AICTIVE_Color-Vertical.png\",\"width\":512,\"height\":512,\"caption\":\"Aictive\"},\"image\":{\"@id\":\"https:\/\/ec2-35-171-156-2.compute-1.amazonaws.com\/en\/#\/schema\/logo\/image\/\"}}]}<\/script>\n<!-- \/ Yoast SEO plugin. -->","yoast_head_json":{"title":"Work Break -","robots":{"index":"index","follow":"follow","max-snippet":"max-snippet:-1","max-image-preview":"max-image-preview:large","max-video-preview":"max-video-preview:-1"},"canonical":"https:\/\/blog.aictive.co\/work-break\/","og_locale":"en_US","og_type":"article","og_title":"Work Break -","og_description":"Work Break \/\/ producto \u00bfQu\u00e9 es Work Break? Es una pausa activa en la jornada laboral, que tiene como objetivo [&hellip;]","og_url":"https:\/\/blog.aictive.co\/work-break\/","article_modified_time":"2021-10-19T14:30:29+00:00","og_image":[{"url":"https:\/\/aictive.co\/wp-content\/uploads\/2021\/05\/WBHero.png","type":"","width":"","height":""}],"twitter_card":"summary_large_image","twitter_misc":{"Est. reading time":"6 minutes"},"schema":{"@context":"https:\/\/schema.org","@graph":[{"@type":"WebPage","@id":"https:\/\/blog.aictive.co\/work-break\/","url":"https:\/\/blog.aictive.co\/work-break\/","name":"Work Break -","isPartOf":{"@id":"https:\/\/ec2-35-171-156-2.compute-1.amazonaws.com\/en\/#website"},"primaryImageOfPage":{"@id":"https:\/\/blog.aictive.co\/work-break\/#primaryimage"},"image":{"@id":"https:\/\/blog.aictive.co\/work-break\/#primaryimage"},"thumbnailUrl":"https:\/\/aictive.co\/wp-content\/uploads\/2021\/05\/WBHero.png","datePublished":"2021-05-05T13:28:50+00:00","dateModified":"2021-10-19T14:30:29+00:00","breadcrumb":{"@id":"https:\/\/blog.aictive.co\/work-break\/#breadcrumb"},"inLanguage":"en-US","potentialAction":[{"@type":"ReadAction","target":["https:\/\/blog.aictive.co\/work-break\/"]}]},{"@type":"ImageObject","inLanguage":"en-US","@id":"https:\/\/blog.aictive.co\/work-break\/#primaryimage","url":"https:\/\/aictive.co\/wp-content\/uploads\/2021\/05\/WBHero.png","contentUrl":"https:\/\/aictive.co\/wp-content\/uploads\/2021\/05\/WBHero.png"},{"@type":"BreadcrumbList","@id":"https:\/\/blog.aictive.co\/work-break\/#breadcrumb","itemListElement":[{"@type":"ListItem","position":1,"name":"Home","item":"https:\/\/ec2-35-171-156-2.compute-1.amazonaws.com\/en\/"},{"@type":"ListItem","position":2,"name":"Work Break"}]},{"@type":"WebSite","@id":"https:\/\/ec2-35-171-156-2.compute-1.amazonaws.com\/en\/#website","url":"https:\/\/ec2-35-171-156-2.compute-1.amazonaws.com\/en\/","name":"Aictive","description":"Transforming MSK care with AI\u200b","publisher":{"@id":"https:\/\/ec2-35-171-156-2.compute-1.amazonaws.com\/en\/#organization"},"potentialAction":[{"@type":"SearchAction","target":{"@type":"EntryPoint","urlTemplate":"https:\/\/ec2-35-171-156-2.compute-1.amazonaws.com\/en\/?s={search_term_string}"},"query-input":{"@type":"PropertyValueSpecification","valueRequired":true,"valueName":"search_term_string"}}],"inLanguage":"en-US"},{"@type":"Organization","@id":"https:\/\/ec2-35-171-156-2.compute-1.amazonaws.com\/en\/#organization","name":"Aictive","url":"https:\/\/ec2-35-171-156-2.compute-1.amazonaws.com\/en\/","logo":{"@type":"ImageObject","inLanguage":"en-US","@id":"https:\/\/ec2-35-171-156-2.compute-1.amazonaws.com\/en\/#\/schema\/logo\/image\/","url":"https:\/\/aictive.co\/wp-content\/uploads\/2025\/02\/cropped-cropped-Logo-AICTIVE_Color-Vertical.png","contentUrl":"https:\/\/aictive.co\/wp-content\/uploads\/2025\/02\/cropped-cropped-Logo-AICTIVE_Color-Vertical.png","width":512,"height":512,"caption":"Aictive"},"image":{"@id":"https:\/\/ec2-35-171-156-2.compute-1.amazonaws.com\/en\/#\/schema\/logo\/image\/"}}]}},"_links":{"self":[{"href":"https:\/\/aictive.co\/en\/wp-json\/wp\/v2\/pages\/5084"}],"collection":[{"href":"https:\/\/aictive.co\/en\/wp-json\/wp\/v2\/pages"}],"about":[{"href":"https:\/\/aictive.co\/en\/wp-json\/wp\/v2\/types\/page"}],"author":[{"embeddable":true,"href":"https:\/\/aictive.co\/en\/wp-json\/wp\/v2\/users\/6"}],"replies":[{"embeddable":true,"href":"https:\/\/aictive.co\/en\/wp-json\/wp\/v2\/comments?post=5084"}],"version-history":[{"count":123,"href":"https:\/\/aictive.co\/en\/wp-json\/wp\/v2\/pages\/5084\/revisions"}],"predecessor-version":[{"id":7611,"href":"https:\/\/aictive.co\/en\/wp-json\/wp\/v2\/pages\/5084\/revisions\/7611"}],"wp:attachment":[{"href":"https:\/\/aictive.co\/en\/wp-json\/wp\/v2\/media?parent=5084"}],"curies":[{"name":"wp","href":"https:\/\/api.w.org\/{rel}","templated":true}]}}